{"id":126,"date":"2026-01-12T22:05:11","date_gmt":"2026-01-12T22:05:11","guid":{"rendered":"https:\/\/esbienestar.online\/?page_id=126"},"modified":"2026-01-12T22:12:15","modified_gmt":"2026-01-12T22:12:15","slug":"esbienestar","status":"publish","type":"page","link":"https:\/\/esbienestar.online\/","title":{"rendered":"EsBienestar"},"content":{"rendered":"\t\t<div data-elementor-type=\"wp-page\" data-elementor-id=\"126\" class=\"elementor elementor-126\" data-elementor-post-type=\"page\">\n\t\t\t\t\t\t<section class=\"elementor-section elementor-top-section elementor-element elementor-element-5bcf2e6d elementor-section-full_width elementor-section-stretched elementor-section-height-default elementor-section-height-default\" data-id=\"5bcf2e6d\" data-element_type=\"section\" data-e-type=\"section\" data-settings=\"{&quot;stretch_section&quot;:&quot;section-stretched&quot;,&quot;background_background&quot;:&quot;classic&quot;}\">\n\t\t\t\t\t\t<div class=\"elementor-container elementor-column-gap-no\">\n\t\t\t\t\t<div class=\"elementor-column elementor-col-100 elementor-top-column elementor-element elementor-element-3e6850d1\" data-id=\"3e6850d1\" data-element_type=\"column\" data-e-type=\"column\" data-settings=\"{&quot;background_background&quot;:&quot;classic&quot;}\">\n\t\t\t<div class=\"elementor-widget-wrap elementor-element-populated\">\n\t\t\t\t\t<div class=\"elementor-background-overlay\"><\/div>\n\t\t\t\t\t\t<section class=\"elementor-section elementor-inner-section elementor-element elementor-element-58fb0411 elementor-section-boxed elementor-section-height-default elementor-section-height-default\" data-id=\"58fb0411\" data-element_type=\"section\" data-e-type=\"section\" data-settings=\"{&quot;background_background&quot;:&quot;gradient&quot;}\">\n\t\t\t\t\t\t<div class=\"elementor-container elementor-column-gap-default\">\n\t\t\t\t\t<div class=\"elementor-column elementor-col-50 elementor-inner-column elementor-element elementor-element-462450ba\" data-id=\"462450ba\" data-element_type=\"column\" data-e-type=\"column\" data-settings=\"{&quot;background_background&quot;:&quot;classic&quot;}\">\n\t\t\t<div class=\"elementor-widget-wrap elementor-element-populated\">\n\t\t\t\t\t\t<div class=\"elementor-element elementor-element-6d45a9fb elementor-widget elementor-widget-heading\" data-id=\"6d45a9fb\" data-element_type=\"widget\" data-e-type=\"widget\" data-widget_type=\"heading.default\">\n\t\t\t\t\t<h1 class=\"elementor-heading-title elementor-size-default\">Un espacio de bienestar para ti y tu familia<\/h1>\t\t\t\t<\/div>\n\t\t\t\t<div class=\"elementor-element elementor-element-1afad8fb elementor-widget elementor-widget-text-editor\" data-id=\"1afad8fb\" data-element_type=\"widget\" data-e-type=\"widget\" data-widget_type=\"text-editor.default\">\n\t\t\t\t\t\t\t\t\t<p>\u00danete gratis y empieza a disfrutar de un espacio donde comer rico, moverte y cuidarte es un placer compartido.<\/p>\t\t\t\t\t\t\t\t<\/div>\n\t\t\t\t\t<\/div>\n\t\t<\/div>\n\t\t\t\t<div class=\"elementor-column elementor-col-50 elementor-inner-column elementor-element elementor-element-7aa88d4f\" data-id=\"7aa88d4f\" data-element_type=\"column\" data-e-type=\"column\">\n\t\t\t<div class=\"elementor-widget-wrap\">\n\t\t\t\t\t\t\t<\/div>\n\t\t<\/div>\n\t\t\t\t\t<\/div>\n\t\t<\/section>\n\t\t\t\t\t<\/div>\n\t\t<\/div>\n\t\t\t\t\t<\/div>\n\t\t<\/section>\n\t\t<div class=\"elementor-element elementor-element-20862a9c e-flex e-con-boxed e-con e-parent\" data-id=\"20862a9c\" data-element_type=\"container\" data-e-type=\"container\" data-settings=\"{&quot;background_background&quot;:&quot;classic&quot;}\">\n\t\t\t\t\t<div class=\"e-con-inner\">\n\t\t\t\t<div class=\"elementor-element elementor-element-35342508 elementor-align-center elementor-widget elementor-widget-button\" data-id=\"35342508\" data-element_type=\"widget\" data-e-type=\"widget\" data-widget_type=\"button.default\">\n\t\t\t\t\t\t\t\t\t\t<a class=\"elementor-button elementor-button-link elementor-size-sm\" href=\"#\">\n\t\t\t\t\t\t<span class=\"elementor-button-content-wrapper\">\n\t\t\t\t\t\t\t\t\t<span class=\"elementor-button-text\">ENTRA A LA COMUNIDAD<\/span>\n\t\t\t\t\t<\/span>\n\t\t\t\t\t<\/a>\n\t\t\t\t\t\t\t\t<\/div>\n\t\t\t\t<div class=\"elementor-element elementor-element-35e3fe95 elementor-widget elementor-widget-text-editor\" data-id=\"35e3fe95\" data-element_type=\"widget\" data-e-type=\"widget\" data-widget_type=\"text-editor.default\">\n\t\t\t\t\t\t\t\t\t<p>\u00danete GRATIS<\/p>\t\t\t\t\t\t\t\t<\/div>\n\t\t\t\t\t<\/div>\n\t\t\t\t<\/div>\n\t\t<div class=\"elementor-element elementor-element-7585c05d e-con-full e-flex e-con e-parent\" data-id=\"7585c05d\" data-element_type=\"container\" data-e-type=\"container\" data-settings=\"{&quot;background_background&quot;:&quot;classic&quot;}\">\n\t\t\t\t<div class=\"elementor-element elementor-element-505d5ee4 elementor-widget__width-initial elementor-widget elementor-widget-image\" data-id=\"505d5ee4\" data-element_type=\"widget\" data-e-type=\"widget\" data-widget_type=\"image.default\">\n\t\t\t\t\t\t\t\t\t\t\t\t\t\t\t<img fetchpriority=\"high\" decoding=\"async\" width=\"1080\" height=\"1080\" src=\"https:\/\/esbienestar.online\/wp-content\/uploads\/2026\/01\/Ciclo.png\" class=\"attachment-full size-full wp-image-133\" alt=\"\" srcset=\"https:\/\/esbienestar.online\/wp-content\/uploads\/2026\/01\/Ciclo.png 1080w, https:\/\/esbienestar.online\/wp-content\/uploads\/2026\/01\/Ciclo-300x300.png 300w, https:\/\/esbienestar.online\/wp-content\/uploads\/2026\/01\/Ciclo-1024x1024.png 1024w, https:\/\/esbienestar.online\/wp-content\/uploads\/2026\/01\/Ciclo-150x150.png 150w, https:\/\/esbienestar.online\/wp-content\/uploads\/2026\/01\/Ciclo-768x768.png 768w, https:\/\/esbienestar.online\/wp-content\/uploads\/2026\/01\/Ciclo-500x500.png 500w, https:\/\/esbienestar.online\/wp-content\/uploads\/2026\/01\/Ciclo-600x600.png 600w, https:\/\/esbienestar.online\/wp-content\/uploads\/2026\/01\/Ciclo-100x100.png 100w\" sizes=\"(max-width: 1080px) 100vw, 1080px\" \/>\t\t\t\t\t\t\t\t\t\t\t\t\t\t\t<\/div>\n\t\t<div class=\"elementor-element elementor-element-4e676396 e-con-full e-flex e-con e-child\" data-id=\"4e676396\" data-element_type=\"container\" data-e-type=\"container\">\n\t\t\t\t<div class=\"elementor-element elementor-element-3a3fa117 elementor-widget elementor-widget-heading\" data-id=\"3a3fa117\" data-element_type=\"widget\" data-e-type=\"widget\" data-widget_type=\"heading.default\">\n\t\t\t\t\t<h2 class=\"elementor-heading-title elementor-size-default\">CONOCE COMO FUNCIONA<\/h2>\t\t\t\t<\/div>\n\t\t\t\t<div class=\"elementor-element elementor-element-416e1274 elementor-widget__width-initial elementor-widget elementor-widget-text-editor\" data-id=\"416e1274\" data-element_type=\"widget\" data-e-type=\"widget\" data-widget_type=\"text-editor.default\">\n\t\t\t\t\t\t\t\t\t<p>Entra gratis hoy y descubre un microverso de bienestar dise\u00f1ado para ti. Paso a paso, vivir\u00e1s experiencias que transforman tu forma de comer, moverte y cuidarte.<\/p>\t\t\t\t\t\t\t\t<\/div>\n\t\t\t\t<div class=\"elementor-element elementor-element-1f02dde1 elementor-widget__width-initial elementor-widget elementor-widget-text-editor\" data-id=\"1f02dde1\" data-element_type=\"widget\" data-e-type=\"widget\" data-widget_type=\"text-editor.default\">\n\t\t\t\t\t\t\t\t\t<ul><li data-start=\"1090\" data-end=\"1141\"><p data-start=\"1092\" data-end=\"1141\"><em data-start=\"1092\" data-end=\"1139\">Te registras gratis y accedes a la comunidad.<\/em><\/p><\/li><li data-start=\"1144\" data-end=\"1181\"><p data-start=\"1146\" data-end=\"1181\"><em data-start=\"1146\" data-end=\"1179\">Exploras espacios tem\u00e1ticos.<\/em><\/p><\/li><li data-start=\"1184\" data-end=\"1220\"><p data-start=\"1186\" data-end=\"1220\"><em data-start=\"1186\" data-end=\"1218\">Compartes y aprendes en grupo.<\/em><\/p><\/li><li data-start=\"1223\" data-end=\"1277\"><p data-start=\"1225\" data-end=\"1277\"><em data-start=\"1225\" data-end=\"1275\">Con el tiempo desbloqueas beneficios exclusivos.<\/em><\/p><\/li><\/ul>\t\t\t\t\t\t\t\t<\/div>\n\t\t\t\t<div class=\"elementor-element elementor-element-72d4e517 elementor-align-left elementor-mobile-align-center elementor-tablet-align-center elementor-invisible elementor-widget elementor-widget-button\" data-id=\"72d4e517\" data-element_type=\"widget\" data-e-type=\"widget\" data-settings=\"{&quot;_animation&quot;:&quot;fadeInUp&quot;}\" data-widget_type=\"button.default\">\n\t\t\t\t\t\t\t\t\t\t<a class=\"elementor-button elementor-button-link elementor-size-sm elementor-animation-grow\" href=\"#\">\n\t\t\t\t\t\t<span class=\"elementor-button-content-wrapper\">\n\t\t\t\t\t\t\t\t\t<span class=\"elementor-button-text\">Entrar a la Comunidad<\/span>\n\t\t\t\t\t<\/span>\n\t\t\t\t\t<\/a>\n\t\t\t\t\t\t\t\t<\/div>\n\t\t\t\t<\/div>\n\t\t\t\t<\/div>\n\t\t<div class=\"elementor-element elementor-element-2f1b601e e-con-full e-flex e-con e-parent\" data-id=\"2f1b601e\" data-element_type=\"container\" data-e-type=\"container\" data-settings=\"{&quot;background_background&quot;:&quot;classic&quot;}\">\n\t\t<div class=\"elementor-element elementor-element-76560071 e-con-full e-flex e-con e-child\" data-id=\"76560071\" data-element_type=\"container\" data-e-type=\"container\" data-settings=\"{&quot;background_background&quot;:&quot;classic&quot;}\">\n\t\t\t\t<div class=\"elementor-element elementor-element-38d6f79c animated-slow elementor-invisible elementor-widget elementor-widget-heading\" data-id=\"38d6f79c\" data-element_type=\"widget\" data-e-type=\"widget\" data-settings=\"{&quot;_animation&quot;:&quot;slideInUp&quot;}\" data-widget_type=\"heading.default\">\n\t\t\t\t\t<h2 class=\"elementor-heading-title elementor-size-default\">Bienestar en Comunidad\u201d<\/h2>\t\t\t\t<\/div>\n\t\t\t\t<div class=\"elementor-element elementor-element-7e3b8e86 animated-slow elementor-invisible elementor-widget elementor-widget-heading\" data-id=\"7e3b8e86\" data-element_type=\"widget\" data-e-type=\"widget\" data-settings=\"{&quot;_animation&quot;:&quot;slideInUp&quot;}\" data-widget_type=\"heading.default\">\n\t\t\t\t\t<h2 class=\"elementor-heading-title elementor-size-default\">Aqu\u00ed no vienes solo,<BR>\naqu\u00ed crecemos juntos<\/h2>\t\t\t\t<\/div>\n\t\t\t\t<\/div>\n\t\t<div class=\"elementor-element elementor-element-5fab686d e-con-full e-flex e-con e-child\" data-id=\"5fab686d\" data-element_type=\"container\" data-e-type=\"container\" data-settings=\"{&quot;background_background&quot;:&quot;classic&quot;}\">\n\t\t<div class=\"elementor-element elementor-element-113f6e47 e-con-full e-flex e-con e-child\" data-id=\"113f6e47\" data-element_type=\"container\" data-e-type=\"container\">\n\t\t\t\t<div class=\"elementor-element elementor-element-17472b26 elementor-widget__width-initial elementor-widget-mobile__width-initial elementor-view-default elementor-position-block-start elementor-mobile-position-block-start elementor-widget elementor-widget-icon-box\" data-id=\"17472b26\" data-element_type=\"widget\" data-e-type=\"widget\" data-widget_type=\"icon-box.default\">\n\t\t\t\t\t\t\t<div class=\"elementor-icon-box-wrapper\">\n\n\t\t\t\t\t\t<div class=\"elementor-icon-box-icon\">\n\t\t\t\t<span  class=\"elementor-icon\">\n\t\t\t\t<svg xmlns=\"http:\/\/www.w3.org\/2000\/svg\" viewBox=\"0 0 74 67\"><mask id=\"Group 9__a\" style=\"mask-type:alpha\" maskUnits=\"userSpaceOnUse\" x=\"29\" y=\"14\" width=\"45\" height=\"53\"><path fill-rule=\"evenodd\" clip-rule=\"evenodd\" d=\"M29.186 14.16h44.06v52.206h-44.06V14.16Z\" fill=\"#fff\"><\/path><\/mask><g mask=\"url(#Group 9__a)\"><path fill-rule=\"evenodd\" clip-rule=\"evenodd\" d=\"M65.124 53.634c-6.37 6.61-14.71 10.558-22.315 10.558-5.239 0-6.798-.976-9.629-2.744a72.303 72.303 0 0 0-1.899-1.16v-.475c15.194-.569 31.441-13.334 31.441-24.988 0-7.167-1.581-11.16-4.072-14.31.589-.177 1.164-.536 1.542-1.214.843.557 1.686.91 2.514 1.233 1.483.581 2.885 1.128 4.46 3.034 3.231 3.915 3.938 7.882 3.938 9.082 0 .176.009.427.02.745.108 3.354.438 13.558-6 20.239Zm-33.843 3.344c.668-.706 3.417-3.116 11.845-5.89 9.646-3.173 15.403-10.067 15.403-18.438 0-1.364.024-2.662.046-3.874.032-1.7.052-3.188.015-4.497 1.297 2.485 2.036 5.685 2.036 10.546 0 10.411-15.405 22.24-29.345 22.812v-.659Zm25.152-39.556a6.83 6.83 0 0 0-.087-.975c-.004-.036-.011-.072-.017-.11l.104-.002c1.28 0 2.096.644 2.096 1.087 0 .87-.123 1.088-1.048 1.088s-1.048-.219-1.048-1.088ZM73.202 32.65c0-1.77-.93-6.24-4.446-10.496-1.924-2.33-3.723-3.034-5.311-3.656-1.066-.417-1.996-.802-2.89-1.635-.333-1.553-2.017-2.704-4.122-2.704-.547 0-1.334.071-1.836.674-.513.618-.404 1.38-.323 1.936.029.202.063.422.063.653 0 1.492.547 2.306 1.233 2.754.04.065.068.134.122.191.922.957.856 4.556.788 8.367a200.95 200.95 0 0 0-.047 3.916c0 7.374-5.21 13.491-13.939 16.366-10.794 3.552-12.936 6.637-13.145 6.977a1.123 1.123 0 0 0-.163.584v4.35c0 .399.209.766.544.954.905.515 1.67.993 2.37 1.43 2.944 1.84 4.888 3.056 10.709 3.056 8.146 0 17.043-4.185 23.797-11.196 4.698-4.877 6.923-12.226 6.612-21.848-.01-.286-.016-.515-.016-.673Z\"><\/path><\/g><mask id=\"Group 9__b\" style=\"mask-type:alpha\" maskUnits=\"userSpaceOnUse\" x=\"0\" y=\"0\" width=\"48\" height=\"48\"><path fill-rule=\"evenodd\" clip-rule=\"evenodd\" d=\"M0 0h47.259v47.258H0V0Z\" fill=\"#fff\"><\/path><\/mask><g mask=\"url(#Group 9__b)\"><path fill-rule=\"evenodd\" clip-rule=\"evenodd\" d=\"M23.63 43.149c-2.1 0-3.63.836-4.744 1.446-.573.313-1.112.608-1.421.608-.863 0-3.884-.2-6.465-2.78l-.226-.227c-2.61-2.6-8.717-8.684-8.717-20.62 0-7.01 6.129-10.274 10.272-10.274 7.708 0 10.538 2.743 10.56 2.764l.008.007c.042.042.098.069.146.102.058.042.11.09.174.118.045.021.098.023.149.037.075.02.15.044.228.045.012.002.022.007.037.007.052 0 .099-.022.15-.03.066-.01.131-.016.197-.04.065-.023.121-.06.18-.095.04-.024.086-.037.123-.067.035-.03 3.589-2.848 10.65-2.848 4.143 0 10.274 3.263 10.274 10.273 0 12.381-5.273 17.363-8.105 20.039-.31.291-.591.56-.84.808-2.581 2.581-5.602 2.78-6.465 2.78-.309 0-.849-.294-1.42-.607-1.116-.61-2.644-1.446-4.744-1.446m14.08.727c.237-.237.506-.492.8-.768 3.057-2.888 8.748-8.265 8.748-21.533 0-8.41-7.357-12.328-12.328-12.328-4.948 0-8.315 1.256-10.19 2.225.538-6.479 3.831-9.417 7.107-9.417a1.027 1.027 0 0 0 0-2.055c-4.131 0-8.55 3.606-9.167 11.456-1.76-.98-5.01-2.21-10.353-2.21C7.357 9.247 0 13.165 0 21.577c0 12.79 6.534 19.297 9.323 22.075l.225.225c3.139 3.139 6.854 3.382 7.916 3.382.833 0 1.598-.419 2.408-.86 1.021-.559 2.183-1.195 3.758-1.195 1.574 0 2.735.636 3.758 1.196.809.44 1.574.86 2.406.86 1.064 0 4.78-.244 7.917-3.383\"><\/path><\/g><path fill-rule=\"evenodd\" clip-rule=\"evenodd\" d=\"M14.612 37.79c-2.77-2.441-8.53-7.518-8.53-17.3 0-.561-.51-1.016-1.139-1.016-.632 0-1.141.455-1.141 1.015 0 10.627 6.215 16.107 9.204 18.74l.258.227c.22.197.513.296.804.296.292 0 .585-.1.808-.3a.935.935 0 0 0-.005-1.433l-.26-.23Z\"><\/path><\/svg>\t\t\t\t<\/span>\n\t\t\t<\/div>\n\t\t\t\n\t\t\t\t\t\t<div class=\"elementor-icon-box-content\">\n\n\t\t\t\t\t\t\t\t\t<h3 class=\"elementor-icon-box-title\">\n\t\t\t\t\t\t<span  >\n\t\t\t\t\t\t\tNutrici\u00f3n\t\t\t\t\t\t<\/span>\n\t\t\t\t\t<\/h3>\n\t\t\t\t\n\t\t\t\t\t\t\t\t\t<p class=\"elementor-icon-box-description\">\n\t\t\t\t\t\tAprende a comer rico y sano, descubre recetas saludables y el uso consciente de suplementos para equilibrar energ\u00eda y placer.\t\t\t\t\t<\/p>\n\t\t\t\t\n\t\t\t<\/div>\n\t\t\t\n\t\t<\/div>\n\t\t\t\t\t\t<\/div>\n\t\t\t\t<div class=\"elementor-element elementor-element-afcb376 elementor-widget__width-initial elementor-widget-mobile__width-initial elementor-view-default elementor-position-block-start elementor-mobile-position-block-start elementor-widget elementor-widget-icon-box\" data-id=\"afcb376\" data-element_type=\"widget\" data-e-type=\"widget\" data-widget_type=\"icon-box.default\">\n\t\t\t\t\t\t\t<div class=\"elementor-icon-box-wrapper\">\n\n\t\t\t\t\t\t<div class=\"elementor-icon-box-icon\">\n\t\t\t\t<span  class=\"elementor-icon\">\n\t\t\t\t<svg xmlns=\"http:\/\/www.w3.org\/2000\/svg\" viewBox=\"0 0 77 53\"><path fill-rule=\"evenodd\" clip-rule=\"evenodd\" d=\"M73.385 39.184c0 .875-.765 1.585-1.699 1.585h-3.397c-.935 0-1.7-.71-1.7-1.585V13.816c0-.875.765-1.585 1.7-1.585h3.397c.934 0 1.699.71 1.699 1.585v25.368Zm-9.513 9.558c0 .85-.764 1.54-1.699 1.54h-3.397c-.934 0-1.699-.69-1.699-1.54V5.617c0-.85.765-1.54 1.699-1.54h3.397c.935 0 1.699.69 1.699 1.54v43.124Zm-40.77-20.203H54.36V25.82H23.103v2.718Zm-4.077 20.203c0 .85-.764 1.54-1.698 1.54h-3.398c-.934 0-1.699-.69-1.699-1.54V5.618c0-.851.765-1.541 1.7-1.541h3.397c.934 0 1.698.69 1.698 1.54v43.125ZM7.814 40.769H4.416c-.934 0-1.698-.71-1.698-1.585V13.816c0-.875.764-1.585 1.698-1.585h3.398c.934 0 1.699.71 1.699 1.585v25.368c0 .875-.765 1.585-1.7 1.585ZM68.175 9.353c-.558 0-1.087.112-1.585.287V4.676C66.59 2.098 64.456 0 61.833 0h-3.17c-2.623 0-4.757 2.098-4.757 4.676v17.148h-31.71V4.676C22.197 2.098 20.063 0 17.44 0h-3.17c-2.623 0-4.757 2.098-4.757 4.676V9.64a4.774 4.774 0 0 0-1.586-.287h-3.17C2.133 9.353 0 11.45 0 14.029v24.942c0 2.578 2.134 4.676 4.756 4.676h3.171c.558 0 1.088-.112 1.586-.287v4.964c0 2.578 2.134 4.676 4.756 4.676h3.171c2.622 0 4.757-2.098 4.757-4.676V32.718h31.709v15.605c0 2.579 2.134 4.677 4.756 4.677h3.171c2.623 0 4.757-2.098 4.757-4.676V43.36a4.774 4.774 0 0 0 1.585.287h3.171c2.623 0 4.757-2.098 4.757-4.676V14.029c0-2.578-2.134-4.676-4.757-4.676h-3.17Z\"><\/path><\/svg>\t\t\t\t<\/span>\n\t\t\t<\/div>\n\t\t\t\n\t\t\t\t\t\t<div class=\"elementor-icon-box-content\">\n\n\t\t\t\t\t\t\t\t\t<h3 class=\"elementor-icon-box-title\">\n\t\t\t\t\t\t<span  >\n\t\t\t\t\t\t\tBienestar F\u00edsico\t\t\t\t\t\t<\/span>\n\t\t\t\t\t<\/h3>\n\t\t\t\t\n\t\t\t\t\t\t\t\t\t<p class=\"elementor-icon-box-description\">\n\t\t\t\t\t\tIncorpora el movimiento como estilo de vida. Ejercicio, movilidad y gasto cal\u00f3rico como herramientas de disfrute sin excesos.\t\t\t\t\t<\/p>\n\t\t\t\t\n\t\t\t<\/div>\n\t\t\t\n\t\t<\/div>\n\t\t\t\t\t\t<\/div>\n\t\t\t\t<div class=\"elementor-element elementor-element-7f7b27fe elementor-widget__width-initial elementor-widget-mobile__width-initial elementor-view-default elementor-position-block-start elementor-mobile-position-block-start elementor-widget elementor-widget-icon-box\" data-id=\"7f7b27fe\" data-element_type=\"widget\" data-e-type=\"widget\" data-widget_type=\"icon-box.default\">\n\t\t\t\t\t\t\t<div class=\"elementor-icon-box-wrapper\">\n\n\t\t\t\t\t\t<div class=\"elementor-icon-box-icon\">\n\t\t\t\t<span  class=\"elementor-icon\">\n\t\t\t\t<svg xmlns=\"http:\/\/www.w3.org\/2000\/svg\" viewBox=\"0 0 71 70\"><path fill-rule=\"evenodd\" clip-rule=\"evenodd\" d=\"M54.564 40.473c-7.414 0-13.447 5.948-13.447 13.257 0 7.31 6.033 13.258 13.447 13.258 7.414 0 13.447-5.948 13.447-13.258 0-7.309-6.033-13.257-13.447-13.257m0 29.46c-9.06 0-16.435-7.267-16.435-16.203 0-8.935 7.375-16.204 16.435-16.204C63.624 37.526 71 44.794 71 53.73s-7.375 16.204-16.435 16.204\"><\/path><path fill-rule=\"evenodd\" clip-rule=\"evenodd\" d=\"M52.218 60.86c-.385 0-.77-.14-1.064-.417l-6.01-5.703a1.38 1.38 0 0 1 0-2.02 1.565 1.565 0 0 1 2.127 0l4.947 4.697 10.956-10.4a1.565 1.565 0 0 1 2.128 0 1.38 1.38 0 0 1 0 2.02l-12.02 11.406c-.295.277-.68.416-1.064.416\"><\/path><mask id=\"Group 10879356__a\" style=\"mask-type:alpha\" maskUnits=\"userSpaceOnUse\" x=\"0\" y=\"0\" width=\"69\" height=\"70\"><path fill-rule=\"evenodd\" clip-rule=\"evenodd\" d=\"M0 0h68.37v70H0V0Z\" fill=\"#fff\"><\/path><\/mask><g mask=\"url(#Group 10879356__a)\"><path fill-rule=\"evenodd\" clip-rule=\"evenodd\" d=\"M13.377 70a1.43 1.43 0 0 1-.904-.328 1.657 1.657 0 0 1-.553-1.576l4.301-23.051L.434 28.128a1.691 1.691 0 0 1-.357-1.64c.184-.573.654-.988 1.216-1.067l21.527-3.058L32.856.81c.5-1.08 2.158-1.08 2.658 0l10.035 21.554 21.528 3.058c.562.08 1.032.494 1.216 1.067.178.576.041 1.21-.357 1.64L58.81 37.9a1.413 1.413 0 0 1-2.102 0 1.675 1.675 0 0 1 0-2.252l6.995-7.491-19.325-2.746a1.498 1.498 0 0 1-1.136-.866L34.185 5.087l-9.058 19.458c-.22.471-.645.796-1.135.866L4.664 28.157l14.224 15.235c.35.379.502.917.404 1.44l-3.864 20.696 18.091-9.692c.42-.226.913-.226 1.332 0 .734.392 1.067 1.37.698 2.153-.21.462-.591.765-1.016.863l-20.49 10.98c-.212.11-.44.168-.666.168\"><\/path><\/g><\/svg>\t\t\t\t<\/span>\n\t\t\t<\/div>\n\t\t\t\n\t\t\t\t\t\t<div class=\"elementor-icon-box-content\">\n\n\t\t\t\t\t\t\t\t\t<h3 class=\"elementor-icon-box-title\">\n\t\t\t\t\t\t<span  >\n\t\t\t\t\t\t\tBienestar Mental\t\t\t\t\t\t<\/span>\n\t\t\t\t\t<\/h3>\n\t\t\t\t\n\t\t\t\t\t\t\t\t\t<p class=\"elementor-icon-box-description\">\n\t\t\t\t\t\tUn espacio para soltar el s\u00edndrome del impostor, cultivar h\u00e1bitos de calma y construir confianza. Aqu\u00ed cuidamos tanto tu mente como tu cuerpo.\t\t\t\t\t<\/p>\n\t\t\t\t\n\t\t\t<\/div>\n\t\t\t\n\t\t<\/div>\n\t\t\t\t\t\t<\/div>\n\t\t\t\t<div class=\"elementor-element elementor-element-4ebcbfe0 elementor-widget__width-initial elementor-widget-mobile__width-initial elementor-view-default elementor-position-block-start elementor-mobile-position-block-start elementor-widget elementor-widget-icon-box\" data-id=\"4ebcbfe0\" data-element_type=\"widget\" data-e-type=\"widget\" data-widget_type=\"icon-box.default\">\n\t\t\t\t\t\t\t<div class=\"elementor-icon-box-wrapper\">\n\n\t\t\t\t\t\t<div class=\"elementor-icon-box-icon\">\n\t\t\t\t<span  class=\"elementor-icon\">\n\t\t\t\t<svg xmlns=\"http:\/\/www.w3.org\/2000\/svg\" viewBox=\"0 0 56 56\"><path fill-rule=\"evenodd\" clip-rule=\"evenodd\" d=\"M43 53.635c-5.864 0-10.636-4.772-10.636-10.636 0-5.864 4.772-10.637 10.636-10.637 5.864 0 10.636 4.773 10.636 10.637 0 5.864-4.772 10.636-10.636 10.636M43 30c-7.166 0-13 5.83-13 13 0 7.169 5.834 13 13 13s13-5.831 13-13c0-7.17-5.834-13-13-13\"><\/path><path fill-rule=\"evenodd\" clip-rule=\"evenodd\" d=\"m50.928 38.35-8.855 8.75-4-3.95a1.226 1.226 0 0 0-1.718 0 1.19 1.19 0 0 0 0 1.696l4.858 4.8a1.22 1.22 0 0 0 1.717 0l9.715-9.6a1.19 1.19 0 0 0 0-1.696 1.226 1.226 0 0 0-1.717 0\"><\/path><mask id=\"Group 26__a\" style=\"mask-type:alpha\" maskUnits=\"userSpaceOnUse\" x=\"0\" y=\"0\" width=\"56\" height=\"56\"><path fill-rule=\"evenodd\" clip-rule=\"evenodd\" d=\"M0 0h56v55.999H0V0Z\" fill=\"#fff\"><\/path><\/mask><g mask=\"url(#Group 26__a)\"><path fill-rule=\"evenodd\" clip-rule=\"evenodd\" d=\"M29.738 52.843c-.989 1.134-2.795 1.01-3.635-.161a.71.71 0 0 0-.075-.096L4.837 23.534a13.316 13.316 0 0 1-2.504-7.784c0-7.399 6.018-13.417 13.417-13.417 4.566 0 8.78 2.299 11.27 6.153.43.665 1.53.665 1.96 0 2.49-3.854 6.704-6.153 11.27-6.153 7.399 0 13.417 6.018 13.417 13.417 0 2.8-.866 5.493-2.497 7.775l-2.798 3.833a1.168 1.168 0 0 0 1.888 1.375l2.802-3.843A15.643 15.643 0 0 0 56 15.75C56 7.063 48.935 0 40.25 0 35.448 0 30.98 2.163 28 5.864A15.682 15.682 0 0 0 15.75 0C7.065 0 0 7.063 0 15.75a15.63 15.63 0 0 0 2.945 9.149l21.261 29.148c.026.033.047.063.075.091A4.672 4.672 0 0 0 28 56c1.328 0 2.606-.595 3.502-1.631a1.167 1.167 0 0 0-1.764-1.526\"><\/path><\/g><\/svg>\t\t\t\t<\/span>\n\t\t\t<\/div>\n\t\t\t\n\t\t\t\t\t\t<div class=\"elementor-icon-box-content\">\n\n\t\t\t\t\t\t\t\t\t<h3 class=\"elementor-icon-box-title\">\n\t\t\t\t\t\t<span  >\n\t\t\t\t\t\t\tBienestar Familiar\t\t\t\t\t\t<\/span>\n\t\t\t\t\t<\/h3>\n\t\t\t\t\n\t\t\t\t\t\t\t\t\t<p class=\"elementor-icon-box-description\">\n\t\t\t\t\t\tInspirado en la filosof\u00eda MargaFriend, este espacio est\u00e1 dedicado a la crianza amorosa y el bienestar integral de las familias.\t\t\t\t\t<\/p>\n\t\t\t\t\n\t\t\t<\/div>\n\t\t\t\n\t\t<\/div>\n\t\t\t\t\t\t<\/div>\n\t\t\t\t<\/div>\n\t\t\t\t<\/div>\n\t\t\t\t<\/div>\n\t\t\t\t<section class=\"elementor-section elementor-top-section elementor-element elementor-element-58130d9d elementor-section-boxed elementor-section-height-default elementor-section-height-default\" data-id=\"58130d9d\" data-element_type=\"section\" data-e-type=\"section\">\n\t\t\t\t\t\t<div class=\"elementor-container elementor-column-gap-default\">\n\t\t\t\t\t<div class=\"elementor-column elementor-col-100 elementor-top-column elementor-element elementor-element-5b45a7b8\" data-id=\"5b45a7b8\" data-element_type=\"column\" data-e-type=\"column\">\n\t\t\t<div class=\"elementor-widget-wrap elementor-element-populated\">\n\t\t\t\t\t\t<div class=\"elementor-element elementor-element-64b852dd elementor-align-center elementor-widget elementor-widget-button\" data-id=\"64b852dd\" data-element_type=\"widget\" data-e-type=\"widget\" data-widget_type=\"button.default\">\n\t\t\t\t\t\t\t\t\t\t<a class=\"elementor-button elementor-button-link elementor-size-sm\" href=\"https:\/\/esbienestar.online\/tienda\/\">\n\t\t\t\t\t\t<span class=\"elementor-button-content-wrapper\">\n\t\t\t\t\t\t\t\t\t<span class=\"elementor-button-text\">\u00daNETE A LA COMUNIDAD<\/span>\n\t\t\t\t\t<\/span>\n\t\t\t\t\t<\/a>\n\t\t\t\t\t\t\t\t<\/div>\n\t\t\t\t<div class=\"elementor-element elementor-element-5c5c493 elementor-widget elementor-widget-text-editor\" data-id=\"5c5c493\" data-element_type=\"widget\" data-e-type=\"widget\" data-widget_type=\"text-editor.default\">\n\t\t\t\t\t\t\t\t\t<p>Entra gratis a la Comunidad de Bienestar<\/p>\t\t\t\t\t\t\t\t<\/div>\n\t\t\t\t<div class=\"elementor-element elementor-element-ef52af4 elementor-widget elementor-widget-text-editor\" data-id=\"ef52af4\" data-element_type=\"widget\" data-e-type=\"widget\" data-widget_type=\"text-editor.default\">\n\t\t\t\t\t\t\t\t\t<p>\u201cHoy entras gratis, ma\u00f1ana ser\u00e1s parte de algo \u00fanico.\u201d<\/p>\t\t\t\t\t\t\t\t<\/div>\n\t\t\t\t\t<\/div>\n\t\t<\/div>\n\t\t\t\t\t<\/div>\n\t\t<\/section>\n\t\t\t\t<\/div>\n\t\t","protected":false},"excerpt":{"rendered":"<p>Un espacio de bienestar para ti y tu familia \u00danete gratis y empieza a disfrutar de un espacio donde comer rico, moverte y cuidarte es un placer compartido. ENTRA A LA COMUNIDAD \u00danete GRATIS CONOCE COMO FUNCIONA Entra gratis hoy y descubre un microverso de bienestar dise\u00f1ado para ti. Paso a paso, vivir\u00e1s experiencias que [&hellip;]<\/p>\n","protected":false},"author":2,"featured_media":0,"parent":0,"menu_order":0,"comment_status":"closed","ping_status":"closed","template":"","meta":{"wprm-recipe-roundup-name":"","wprm-recipe-roundup-description":"","footnotes":""},"class_list":["post-126","page","type-page","status-publish","hentry"],"_links":{"self":[{"href":"https:\/\/esbienestar.online\/index.php\/wp-json\/wp\/v2\/pages\/126","targetHints":{"allow":["GET"]}}],"collection":[{"href":"https:\/\/esbienestar.online\/index.php\/wp-json\/wp\/v2\/pages"}],"about":[{"href":"https:\/\/esbienestar.online\/index.php\/wp-json\/wp\/v2\/types\/page"}],"author":[{"embeddable":true,"href":"https:\/\/esbienestar.online\/index.php\/wp-json\/wp\/v2\/users\/2"}],"replies":[{"embeddable":true,"href":"https:\/\/esbienestar.online\/index.php\/wp-json\/wp\/v2\/comments?post=126"}],"version-history":[{"count":4,"href":"https:\/\/esbienestar.online\/index.php\/wp-json\/wp\/v2\/pages\/126\/revisions"}],"predecessor-version":[{"id":144,"href":"https:\/\/esbienestar.online\/index.php\/wp-json\/wp\/v2\/pages\/126\/revisions\/144"}],"wp:attachment":[{"href":"https:\/\/esbienestar.online\/index.php\/wp-json\/wp\/v2\/media?parent=126"}],"curies":[{"name":"wp","href":"https:\/\/api.w.org\/{rel}","templated":true}]}}